{"id":986,"date":"2024-09-12T16:54:33","date_gmt":"2024-09-12T19:54:33","guid":{"rendered":"https:\/\/locsert.com.br\/new\/?post_type=product&#038;p=986"},"modified":"2024-09-12T17:25:22","modified_gmt":"2024-09-12T20:25:22","slug":"alimentador-de-arame-lf-74-lincoln-electric","status":"publish","type":"product","link":"https:\/\/locsert.com.br\/new\/product\/alimentador-de-arame-lf-74-lincoln-electric\/","title":{"rendered":"Alimentador de Arame LF-74 Lincoln Electric"},"content":{"rendered":"<p>Caracter\u00edsticas: Alimentador robusto, constru\u00eddo para oferecer desempenho confi\u00e1vel. O sistema patenteado de acionamento por fio de alum\u00ednio fundido para servi\u00e7o pesado <span class=\"Y2IQFc\" lang=\"pt\">MAXTRAC\u00ae com 4 rolos\u00a0 de acionamento proporciona alimenta\u00e7\u00e3o confi\u00e1vel e durabilidade.<\/span><\/p>\n","protected":false},"excerpt":{"rendered":"<p>Tens\u00e3o de Alimenta\u00e7\u00e3o: 24-42 VAC<br \/>\nVelocidade do Arame: 2,2 -25 m\/min<br \/>\nPeso\/di\u00e2metro m\u00e1ximo do rolo de arame: 18 kg \/ 300 mm<br \/>\nDi\u00e2metro m\u00e1ximo arame s\u00f3lido: 1,6 mm<br \/>\nDi\u00e2metro m\u00e1ximo arame s\u00f3lido: 2 mm<br \/>\nDimens\u00f5es (A x L x P): 389 mm x 330 mm x 704 mm<br \/>\nPeso: 29 kg<br \/>\nN\u00famero de roldanas: 4<\/p>\n","protected":false},"featured_media":996,"comment_status":"open","ping_status":"closed","template":"","meta":{"_eb_attr":"","_bst_post_transparent":"default","_bst_post_title":"","_bst_post_layout":"default","_bst_post_sidebar_id":"","_bst_post_content_style":"default","_bst_post_vertical_padding":"default","_bst_post_feature":"","_bst_post_feature_position":"","_bst_post_header":false,"_bst_post_footer":false},"product_brand":[],"product_cat":[15,21],"product_tag":[],"class_list":{"0":"post-986","1":"product","2":"type-product","3":"status-publish","4":"has-post-thumbnail","6":"product_cat-uncategorized","7":"product_cat-alimentador-de-arame","9":"first","10":"instock","11":"shipping-taxable","12":"product-type-simple","13":"entry","14":"content-bg","15":"loop-entry"},"_links":{"self":[{"href":"https:\/\/locsert.com.br\/new\/wp-json\/wp\/v2\/product\/986","targetHints":{"allow":["GET"]}}],"collection":[{"href":"https:\/\/locsert.com.br\/new\/wp-json\/wp\/v2\/product"}],"about":[{"href":"https:\/\/locsert.com.br\/new\/wp-json\/wp\/v2\/types\/product"}],"replies":[{"embeddable":true,"href":"https:\/\/locsert.com.br\/new\/wp-json\/wp\/v2\/comments?post=986"}],"version-history":[{"count":4,"href":"https:\/\/locsert.com.br\/new\/wp-json\/wp\/v2\/product\/986\/revisions"}],"predecessor-version":[{"id":995,"href":"https:\/\/locsert.com.br\/new\/wp-json\/wp\/v2\/product\/986\/revisions\/995"}],"wp:featuredmedia":[{"embeddable":true,"href":"https:\/\/locsert.com.br\/new\/wp-json\/wp\/v2\/media\/996"}],"wp:attachment":[{"href":"https:\/\/locsert.com.br\/new\/wp-json\/wp\/v2\/media?parent=986"}],"wp:term":[{"taxonomy":"product_brand","embeddable":true,"href":"https:\/\/locsert.com.br\/new\/wp-json\/wp\/v2\/product_brand?post=986"},{"taxonomy":"product_cat","embeddable":true,"href":"https:\/\/locsert.com.br\/new\/wp-json\/wp\/v2\/product_cat?post=986"},{"taxonomy":"product_tag","embeddable":true,"href":"https:\/\/locsert.com.br\/new\/wp-json\/wp\/v2\/product_tag?post=986"}],"curies":[{"name":"wp","href":"https:\/\/api.w.org\/{rel}","templated":true}]}}