{"id":970,"date":"2024-09-11T17:36:40","date_gmt":"2024-09-11T20:36:40","guid":{"rendered":"https:\/\/locsert.com.br\/new\/?post_type=product&#038;p=970"},"modified":"2024-09-12T16:11:30","modified_gmt":"2024-09-12T19:11:30","slug":"exaustor-insuflador-nederman-ats-n16-br-10-metros","status":"publish","type":"product","link":"https:\/\/locsert.com.br\/new\/product\/exaustor-insuflador-nederman-ats-n16-br-10-metros\/","title":{"rendered":"Exaustor Insuflador Nederman ATS-N16-BR 10 metros"},"content":{"rendered":"<p>Caracter\u00edsticas: Motor de alto rendimento; atendimento \u00e0 NR-12; fabricado sob certifica\u00e7\u00e3o ISO 9001 e certifica\u00e7\u00e3o CE; prote\u00e7\u00e3o na boca de suc\u00e7\u00e3o para maior seguran\u00e7a ao operador e ao equipamento.<\/p>\n","protected":false},"excerpt":{"rendered":"<p><strong>Vaz\u00e3o em vazio:<\/strong> 1.250 m\u00b3\/h<br \/>\n<strong>Pot\u00eancia:<\/strong> 0,75 HP<br \/>\n<strong>Alimenta\u00e7\u00e3o (V): <\/strong>220 monof\u00e1sico\/trif\u00e1sico<br \/>\n<b>Frequ\u00eancia:\u00a0<\/b>60 HZ<br \/>\n<strong>Ru\u00eddo*:<\/strong> 68 dB(A)<br \/>\n<strong> Peso**:<\/strong> 19 Kg<\/p>\n<p>* Com mangueiras acopladas na entrada e sa\u00edda.<br \/>\n** Vers\u00e3o trif\u00e1sica, sem mangueiras.<\/p>\n","protected":false},"featured_media":973,"comment_status":"open","ping_status":"closed","template":"","meta":{"_eb_attr":"","_bst_post_transparent":"default","_bst_post_title":"","_bst_post_layout":"default","_bst_post_sidebar_id":"","_bst_post_content_style":"default","_bst_post_vertical_padding":"default","_bst_post_feature":"","_bst_post_feature_position":"","_bst_post_header":false,"_bst_post_footer":false},"product_brand":[],"product_cat":[25],"product_tag":[],"class_list":{"0":"post-970","1":"product","2":"type-product","3":"status-publish","4":"has-post-thumbnail","6":"product_cat-exaustores","8":"first","9":"instock","10":"shipping-taxable","11":"product-type-simple","12":"entry","13":"content-bg","14":"loop-entry"},"_links":{"self":[{"href":"https:\/\/locsert.com.br\/new\/wp-json\/wp\/v2\/product\/970","targetHints":{"allow":["GET"]}}],"collection":[{"href":"https:\/\/locsert.com.br\/new\/wp-json\/wp\/v2\/product"}],"about":[{"href":"https:\/\/locsert.com.br\/new\/wp-json\/wp\/v2\/types\/product"}],"replies":[{"embeddable":true,"href":"https:\/\/locsert.com.br\/new\/wp-json\/wp\/v2\/comments?post=970"}],"version-history":[{"count":5,"href":"https:\/\/locsert.com.br\/new\/wp-json\/wp\/v2\/product\/970\/revisions"}],"predecessor-version":[{"id":977,"href":"https:\/\/locsert.com.br\/new\/wp-json\/wp\/v2\/product\/970\/revisions\/977"}],"wp:featuredmedia":[{"embeddable":true,"href":"https:\/\/locsert.com.br\/new\/wp-json\/wp\/v2\/media\/973"}],"wp:attachment":[{"href":"https:\/\/locsert.com.br\/new\/wp-json\/wp\/v2\/media?parent=970"}],"wp:term":[{"taxonomy":"product_brand","embeddable":true,"href":"https:\/\/locsert.com.br\/new\/wp-json\/wp\/v2\/product_brand?post=970"},{"taxonomy":"product_cat","embeddable":true,"href":"https:\/\/locsert.com.br\/new\/wp-json\/wp\/v2\/product_cat?post=970"},{"taxonomy":"product_tag","embeddable":true,"href":"https:\/\/locsert.com.br\/new\/wp-json\/wp\/v2\/product_tag?post=970"}],"curies":[{"name":"wp","href":"https:\/\/api.w.org\/{rel}","templated":true}]}}