{"id":835,"date":"2024-08-02T16:15:25","date_gmt":"2024-08-02T19:15:25","guid":{"rendered":"https:\/\/locsert.com.br\/new\/?post_type=product&#038;p=835"},"modified":"2024-09-12T16:45:59","modified_gmt":"2024-09-12T19:45:59","slug":"alimentador-de-arame-esab-fabricator-feed-364-fechado","status":"publish","type":"product","link":"https:\/\/locsert.com.br\/new\/product\/alimentador-de-arame-esab-fabricator-feed-364-fechado\/","title":{"rendered":"Alimentador de Arame Fabricator Feed 364 Fechado ESAB"},"content":{"rendered":"<p>Caracter\u00edsticas: Robustez, praticidade na opera\u00e7\u00e3o e facilidade de ajuste de par\u00e2metros, s\u00e3o as principais caracter\u00edsticas do Fabricator Feed 364. Alimentador de arame que em conjunto com a Fabricator EM500i formam a dupla perfeita para suas aplica\u00e7\u00f5es em MIG\/MAG e arames tubulares.<\/p>\n","protected":false},"excerpt":{"rendered":"<p>Tens\u00e3o de Alimenta\u00e7\u00e3o: 24 VDC<br \/>\nVelocidade do Arame: 2,2 -25 m\/min<br \/>\nPeso\/di\u00e2metro m\u00e1ximo do rolo de arame: 18 kg \/ 300 mm<br \/>\nDi\u00e2metro do arame s\u00f3lido\/tubular: 0,8-1,6 mm<br \/>\nDimens\u00f5es (L x C x A): 250 x 635 x 390 mm<br \/>\nPeso: 15 kg<br \/>\nN\u00famero de roldanas: 4<\/p>\n","protected":false},"featured_media":981,"comment_status":"open","ping_status":"closed","template":"","meta":{"_eb_attr":"","_bst_post_transparent":"default","_bst_post_title":"","_bst_post_layout":"default","_bst_post_sidebar_id":"","_bst_post_content_style":"default","_bst_post_vertical_padding":"default","_bst_post_feature":"","_bst_post_feature_position":"","_bst_post_header":false,"_bst_post_footer":false},"product_brand":[],"product_cat":[21],"product_tag":[],"class_list":{"0":"post-835","1":"product","2":"type-product","3":"status-publish","4":"has-post-thumbnail","6":"product_cat-alimentador-de-arame","8":"first","9":"instock","10":"shipping-taxable","11":"product-type-simple","12":"entry","13":"content-bg","14":"loop-entry"},"_links":{"self":[{"href":"https:\/\/locsert.com.br\/new\/wp-json\/wp\/v2\/product\/835","targetHints":{"allow":["GET"]}}],"collection":[{"href":"https:\/\/locsert.com.br\/new\/wp-json\/wp\/v2\/product"}],"about":[{"href":"https:\/\/locsert.com.br\/new\/wp-json\/wp\/v2\/types\/product"}],"replies":[{"embeddable":true,"href":"https:\/\/locsert.com.br\/new\/wp-json\/wp\/v2\/comments?post=835"}],"version-history":[{"count":8,"href":"https:\/\/locsert.com.br\/new\/wp-json\/wp\/v2\/product\/835\/revisions"}],"predecessor-version":[{"id":979,"href":"https:\/\/locsert.com.br\/new\/wp-json\/wp\/v2\/product\/835\/revisions\/979"}],"wp:featuredmedia":[{"embeddable":true,"href":"https:\/\/locsert.com.br\/new\/wp-json\/wp\/v2\/media\/981"}],"wp:attachment":[{"href":"https:\/\/locsert.com.br\/new\/wp-json\/wp\/v2\/media?parent=835"}],"wp:term":[{"taxonomy":"product_brand","embeddable":true,"href":"https:\/\/locsert.com.br\/new\/wp-json\/wp\/v2\/product_brand?post=835"},{"taxonomy":"product_cat","embeddable":true,"href":"https:\/\/locsert.com.br\/new\/wp-json\/wp\/v2\/product_cat?post=835"},{"taxonomy":"product_tag","embeddable":true,"href":"https:\/\/locsert.com.br\/new\/wp-json\/wp\/v2\/product_tag?post=835"}],"curies":[{"name":"wp","href":"https:\/\/api.w.org\/{rel}","templated":true}]}}