{"id":82,"date":"2024-05-06T13:46:38","date_gmt":"2024-05-06T16:46:38","guid":{"rendered":"https:\/\/locsert.com.br\/new\/?post_type=product&#038;p=82"},"modified":"2024-09-11T17:32:31","modified_gmt":"2024-09-11T20:32:31","slug":"fonte-multiprocesso-fabricator-500i-esab","status":"publish","type":"product","link":"https:\/\/locsert.com.br\/new\/product\/fonte-multiprocesso-fabricator-500i-esab\/","title":{"rendered":"Fonte Multiprocesso Fabricator EM 500i ESAB"},"content":{"rendered":"\t\t<div data-elementor-type=\"wp-post\" data-elementor-id=\"82\" class=\"elementor elementor-82\">\n\t\t\t\t<div class=\"elementor-element elementor-element-4cae2cc8 e-flex e-con-boxed e-con e-parent\" data-id=\"4cae2cc8\" data-element_type=\"container\">\n\t\t\t\t\t<div class=\"e-con-inner\">\n\t\t\t\t<div class=\"elementor-element elementor-element-41607961 elementor-widget elementor-widget-text-editor\" data-id=\"41607961\" data-element_type=\"widget\" data-widget_type=\"text-editor.default\">\n\t\t\t\t<div class=\"elementor-widget-container\">\n\t\t\t\t\t\t\t\t\t<p>Caracter\u00edsticas: Robusta e dur\u00e1vel, com classifica\u00e7\u00e3o IP23S \u00e9 otimizada para aplica\u00e7\u00f5es em ambientes extremamente agressivos internos e&nbsp;externos. Projeto e constru\u00e7\u00e3o de acordo com a&nbsp;norma IEC 60974-1 este equipamento foi aprovado&nbsp;em rigorosos testes como: chuva, poeira,&nbsp;temperaturas extremas, impacto e queda que&nbsp;garantem durabilidade sem igual.<\/p>\t\t\t\t\t\t\t\t<\/div>\n\t\t\t\t<\/div>\n\t\t\t\t\t<\/div>\n\t\t\t\t<\/div>\n\t\t\t\t<\/div>\n\t\t","protected":false},"excerpt":{"rendered":"<p style=\"text-align: left;\"><strong>Processo de soldagem:<\/strong> MIG\/MAG e eletrodo revestido<br \/>\n<strong>Ciclo de trabalho (A \u2013 %):<\/strong> 500 A @ 60% \/ 390 A @ 100%<br \/>\n<strong>Peso:<\/strong> 62 kg<br \/>\n<strong>Dimens\u00f5es (LxAxC):<\/strong> 325 x 710 x 470 mm<br \/>\n<strong>Alimenta\u00e7\u00e3o el\u00e9trica (V):<\/strong> 380 -460<br \/>\n<strong>Faixa de corrente (A):<\/strong> 30 A \/ 15.5V \u2013500 A \/ 39 V (MIG\/MAG) \/ 30 A \/ 21.2V \u2013500 A \/ 40 V (eletrodo revestido)<\/p>\n","protected":false},"featured_media":83,"comment_status":"open","ping_status":"closed","template":"","meta":{"_eb_attr":"","_bst_post_transparent":"default","_bst_post_title":"","_bst_post_layout":"default","_bst_post_sidebar_id":"","_bst_post_content_style":"default","_bst_post_vertical_padding":"default","_bst_post_feature":"","_bst_post_feature_position":"","_bst_post_header":false,"_bst_post_footer":false},"product_brand":[],"product_cat":[29,26,27],"product_tag":[],"class_list":{"0":"post-82","1":"product","2":"type-product","3":"status-publish","4":"has-post-thumbnail","6":"product_cat-eletrodo","7":"product_cat-fontes-multiprocessos","8":"product_cat-mig-mag","10":"first","11":"instock","12":"shipping-taxable","13":"product-type-simple","14":"entry","15":"content-bg","16":"loop-entry"},"_links":{"self":[{"href":"https:\/\/locsert.com.br\/new\/wp-json\/wp\/v2\/product\/82","targetHints":{"allow":["GET"]}}],"collection":[{"href":"https:\/\/locsert.com.br\/new\/wp-json\/wp\/v2\/product"}],"about":[{"href":"https:\/\/locsert.com.br\/new\/wp-json\/wp\/v2\/types\/product"}],"replies":[{"embeddable":true,"href":"https:\/\/locsert.com.br\/new\/wp-json\/wp\/v2\/comments?post=82"}],"version-history":[{"count":14,"href":"https:\/\/locsert.com.br\/new\/wp-json\/wp\/v2\/product\/82\/revisions"}],"predecessor-version":[{"id":968,"href":"https:\/\/locsert.com.br\/new\/wp-json\/wp\/v2\/product\/82\/revisions\/968"}],"wp:featuredmedia":[{"embeddable":true,"href":"https:\/\/locsert.com.br\/new\/wp-json\/wp\/v2\/media\/83"}],"wp:attachment":[{"href":"https:\/\/locsert.com.br\/new\/wp-json\/wp\/v2\/media?parent=82"}],"wp:term":[{"taxonomy":"product_brand","embeddable":true,"href":"https:\/\/locsert.com.br\/new\/wp-json\/wp\/v2\/product_brand?post=82"},{"taxonomy":"product_cat","embeddable":true,"href":"https:\/\/locsert.com.br\/new\/wp-json\/wp\/v2\/product_cat?post=82"},{"taxonomy":"product_tag","embeddable":true,"href":"https:\/\/locsert.com.br\/new\/wp-json\/wp\/v2\/product_tag?post=82"}],"curies":[{"name":"wp","href":"https:\/\/api.w.org\/{rel}","templated":true}]}}