{"id":76,"date":"2024-05-06T13:40:48","date_gmt":"2024-05-06T16:40:48","guid":{"rendered":"https:\/\/locsert.com.br\/new\/?post_type=product&#038;p=76"},"modified":"2024-09-11T17:30:30","modified_gmt":"2024-09-11T20:30:30","slug":"fonte-cv400i-lincoln-electric","status":"publish","type":"product","link":"https:\/\/locsert.com.br\/new\/product\/fonte-cv400i-lincoln-electric\/","title":{"rendered":"Fonte Idealarc CV 400i Lincoln Electric"},"content":{"rendered":"<p><strong>Caracter\u00edsticas: <\/strong>Sa\u00edda dupla do terminal positivo, com diferen\u00e7a de indut\u00e2ncia para controle do arco el\u00e9trico; displays digitais de corrente e tens\u00e3o e conex\u00e3o dos terminais de soldagem por engate-r\u00e1pido.<\/p>\n","protected":false},"excerpt":{"rendered":"<p class=\"reference\"><strong>Processo de soldagem:<\/strong> MIG\/MAG<br \/>\n<strong>Ciclo de trabalho (A &#8211; %):<\/strong>\u00a0400A \/ 36V \/ 60% &#8211; 300A \/ 32V \/ 100%<br \/>\n<strong>Peso:<\/strong>\u00a0136 kg<br \/>\n<strong>Dimens\u00f5es (LxAxC):<\/strong>\u00a0495 x 546 x 686 mm<br \/>\n<strong>Alimenta\u00e7\u00e3o el\u00e9trica (V):<\/strong> 220-380-440 \/ Trif\u00e1sico \/ 60Hz<br \/>\n<strong>Faixa de corrente (A):<\/strong>\u00a0AMPS 50-400<\/p>\n<div class=\"pro-details-rating-wrap\">\n<div class=\"rating-product\"><i class=\"ion-android-star-outline\"><\/i>\u00a0<i class=\"ion-android-star-outline\"><\/i>\u00a0<i class=\"ion-android-star-outline\"><\/i>\u00a0<i class=\"ion-android-star-outline\"><\/i><\/div>\n<\/div>\n","protected":false},"featured_media":919,"comment_status":"open","ping_status":"closed","template":"","meta":{"_eb_attr":"","_bst_post_transparent":"default","_bst_post_title":"","_bst_post_layout":"default","_bst_post_sidebar_id":"","_bst_post_content_style":"default","_bst_post_vertical_padding":"default","_bst_post_feature":"","_bst_post_feature_position":"","_bst_post_header":false,"_bst_post_footer":false},"product_brand":[],"product_cat":[20,27],"product_tag":[],"class_list":{"0":"post-76","1":"product","2":"type-product","3":"status-publish","4":"has-post-thumbnail","6":"product_cat-fonte","7":"product_cat-mig-mag","9":"first","10":"instock","11":"shipping-taxable","12":"product-type-simple","13":"entry","14":"content-bg","15":"loop-entry"},"_links":{"self":[{"href":"https:\/\/locsert.com.br\/new\/wp-json\/wp\/v2\/product\/76","targetHints":{"allow":["GET"]}}],"collection":[{"href":"https:\/\/locsert.com.br\/new\/wp-json\/wp\/v2\/product"}],"about":[{"href":"https:\/\/locsert.com.br\/new\/wp-json\/wp\/v2\/types\/product"}],"replies":[{"embeddable":true,"href":"https:\/\/locsert.com.br\/new\/wp-json\/wp\/v2\/comments?post=76"}],"version-history":[{"count":11,"href":"https:\/\/locsert.com.br\/new\/wp-json\/wp\/v2\/product\/76\/revisions"}],"predecessor-version":[{"id":966,"href":"https:\/\/locsert.com.br\/new\/wp-json\/wp\/v2\/product\/76\/revisions\/966"}],"wp:featuredmedia":[{"embeddable":true,"href":"https:\/\/locsert.com.br\/new\/wp-json\/wp\/v2\/media\/919"}],"wp:attachment":[{"href":"https:\/\/locsert.com.br\/new\/wp-json\/wp\/v2\/media?parent=76"}],"wp:term":[{"taxonomy":"product_brand","embeddable":true,"href":"https:\/\/locsert.com.br\/new\/wp-json\/wp\/v2\/product_brand?post=76"},{"taxonomy":"product_cat","embeddable":true,"href":"https:\/\/locsert.com.br\/new\/wp-json\/wp\/v2\/product_cat?post=76"},{"taxonomy":"product_tag","embeddable":true,"href":"https:\/\/locsert.com.br\/new\/wp-json\/wp\/v2\/product_tag?post=76"}],"curies":[{"name":"wp","href":"https:\/\/api.w.org\/{rel}","templated":true}]}}