{"id":74,"date":"2024-05-06T13:37:29","date_gmt":"2024-05-06T16:37:29","guid":{"rendered":"https:\/\/locsert.com.br\/new\/?post_type=product&#038;p=74"},"modified":"2024-09-12T16:48:54","modified_gmt":"2024-09-12T19:48:54","slug":"alimentador-de-arame-ln-7-lincoln-electric","status":"publish","type":"product","link":"https:\/\/locsert.com.br\/new\/product\/alimentador-de-arame-ln-7-lincoln-electric\/","title":{"rendered":"Alimentador de Arame LN-7 Lincoln Electric"},"content":{"rendered":"<p><strong>Caracter\u00edsticas: <\/strong>Constru\u00e7\u00e3o robusta, desenvolvido para aplica\u00e7\u00e3o industrial pesada; sistema de tracionamento com 2 roldanas; f\u00e1cil opera\u00e7\u00e3o e kit opcional para controle de burnback, pr\u00e9 e p\u00f3s fluxo de g\u00e1s.<\/p>\n","protected":false},"excerpt":{"rendered":"<p class=\"reference\"><strong>Faixa do arame (mm):<\/strong>\u00a0Solido: (0,6 \u2013 1,6) &#8211; Tubular: (1,2 \u2013 2,0)<br \/>\n<strong>Roldanas (quantidade):<\/strong>\u00a02 roldanas<br \/>\n<strong>Peso:<\/strong>\u00a010,9 kg<br \/>\n<strong>Dimens\u00f5es (LxAxC):<\/strong>\u00a0244 x 282 x 277 mm<br \/>\n<strong>Alimenta\u00e7\u00e3o el\u00e9trica (Volts):<\/strong>\u00a0115 VCA, 50\/60 Hz, 2.5 Amps<\/p>\n","protected":false},"featured_media":75,"comment_status":"open","ping_status":"closed","template":"","meta":{"_eb_attr":"","_bst_post_transparent":"default","_bst_post_title":"","_bst_post_layout":"default","_bst_post_sidebar_id":"","_bst_post_content_style":"default","_bst_post_vertical_padding":"default","_bst_post_feature":"","_bst_post_feature_position":"","_bst_post_header":false,"_bst_post_footer":false},"product_brand":[],"product_cat":[21],"product_tag":[],"class_list":{"0":"post-74","1":"product","2":"type-product","3":"status-publish","4":"has-post-thumbnail","6":"product_cat-alimentador-de-arame","8":"first","9":"instock","10":"shipping-taxable","11":"product-type-simple","12":"entry","13":"content-bg","14":"loop-entry"},"_links":{"self":[{"href":"https:\/\/locsert.com.br\/new\/wp-json\/wp\/v2\/product\/74","targetHints":{"allow":["GET"]}}],"collection":[{"href":"https:\/\/locsert.com.br\/new\/wp-json\/wp\/v2\/product"}],"about":[{"href":"https:\/\/locsert.com.br\/new\/wp-json\/wp\/v2\/types\/product"}],"replies":[{"embeddable":true,"href":"https:\/\/locsert.com.br\/new\/wp-json\/wp\/v2\/comments?post=74"}],"version-history":[{"count":3,"href":"https:\/\/locsert.com.br\/new\/wp-json\/wp\/v2\/product\/74\/revisions"}],"predecessor-version":[{"id":982,"href":"https:\/\/locsert.com.br\/new\/wp-json\/wp\/v2\/product\/74\/revisions\/982"}],"wp:featuredmedia":[{"embeddable":true,"href":"https:\/\/locsert.com.br\/new\/wp-json\/wp\/v2\/media\/75"}],"wp:attachment":[{"href":"https:\/\/locsert.com.br\/new\/wp-json\/wp\/v2\/media?parent=74"}],"wp:term":[{"taxonomy":"product_brand","embeddable":true,"href":"https:\/\/locsert.com.br\/new\/wp-json\/wp\/v2\/product_brand?post=74"},{"taxonomy":"product_cat","embeddable":true,"href":"https:\/\/locsert.com.br\/new\/wp-json\/wp\/v2\/product_cat?post=74"},{"taxonomy":"product_tag","embeddable":true,"href":"https:\/\/locsert.com.br\/new\/wp-json\/wp\/v2\/product_tag?post=74"}],"curies":[{"name":"wp","href":"https:\/\/api.w.org\/{rel}","templated":true}]}}