{"id":72,"date":"2024-05-06T13:36:08","date_gmt":"2024-05-06T16:36:08","guid":{"rendered":"https:\/\/locsert.com.br\/new\/?post_type=product&#038;p=72"},"modified":"2024-09-12T17:27:14","modified_gmt":"2024-09-12T20:27:14","slug":"alimentador-de-arame-lf-72-lincoln-electric","status":"publish","type":"product","link":"https:\/\/locsert.com.br\/new\/product\/alimentador-de-arame-lf-72-lincoln-electric\/","title":{"rendered":"Alimentador de Arame LF-72 Lincoln Electric"},"content":{"rendered":"<p><strong>Caracter\u00edsticas: <\/strong>Constru\u00e7\u00e3o robusta, desenvolvido para aplica\u00e7\u00e3o industrial pesada; sistema de tracionamento de arame Maxtrac com 2 roldanas; f\u00e1cil instala\u00e7\u00e3o de guia de arame e roldanas dispensando o uso de ferramentas.<\/p>\n","protected":false},"excerpt":{"rendered":"<p class=\"reference\"><strong>Faixa do arame (mm):<\/strong>\u00a0S\u00f3lido: (0.6 \u2013 1.6) &#8211; Tubular: (0.8 \u2013 2.0)<br \/>\n<strong>Roldanas (quantidade):<\/strong>\u00a02 roldanas<br \/>\n<strong>Peso:<\/strong>\u00a011 kg<br \/>\n<strong>Dimens\u00f5es (LxAxC):<\/strong>\u00a0259 x 282 x 328 mm<br \/>\n<strong>Alimenta\u00e7\u00e3o el\u00e9trica (Volts):<\/strong>\u00a024-42 VAC 50\/60 Hz 9 Amps<\/p>\n","protected":false},"featured_media":73,"comment_status":"open","ping_status":"closed","template":"","meta":{"_eb_attr":"","_bst_post_transparent":"default","_bst_post_title":"","_bst_post_layout":"default","_bst_post_sidebar_id":"","_bst_post_content_style":"default","_bst_post_vertical_padding":"default","_bst_post_feature":"","_bst_post_feature_position":"","_bst_post_header":false,"_bst_post_footer":false},"product_brand":[],"product_cat":[21],"product_tag":[],"class_list":{"0":"post-72","1":"product","2":"type-product","3":"status-publish","4":"has-post-thumbnail","6":"product_cat-alimentador-de-arame","8":"first","9":"instock","10":"shipping-taxable","11":"product-type-simple","12":"entry","13":"content-bg","14":"loop-entry"},"_links":{"self":[{"href":"https:\/\/locsert.com.br\/new\/wp-json\/wp\/v2\/product\/72","targetHints":{"allow":["GET"]}}],"collection":[{"href":"https:\/\/locsert.com.br\/new\/wp-json\/wp\/v2\/product"}],"about":[{"href":"https:\/\/locsert.com.br\/new\/wp-json\/wp\/v2\/types\/product"}],"replies":[{"embeddable":true,"href":"https:\/\/locsert.com.br\/new\/wp-json\/wp\/v2\/comments?post=72"}],"version-history":[{"count":3,"href":"https:\/\/locsert.com.br\/new\/wp-json\/wp\/v2\/product\/72\/revisions"}],"predecessor-version":[{"id":983,"href":"https:\/\/locsert.com.br\/new\/wp-json\/wp\/v2\/product\/72\/revisions\/983"}],"wp:featuredmedia":[{"embeddable":true,"href":"https:\/\/locsert.com.br\/new\/wp-json\/wp\/v2\/media\/73"}],"wp:attachment":[{"href":"https:\/\/locsert.com.br\/new\/wp-json\/wp\/v2\/media?parent=72"}],"wp:term":[{"taxonomy":"product_brand","embeddable":true,"href":"https:\/\/locsert.com.br\/new\/wp-json\/wp\/v2\/product_brand?post=72"},{"taxonomy":"product_cat","embeddable":true,"href":"https:\/\/locsert.com.br\/new\/wp-json\/wp\/v2\/product_cat?post=72"},{"taxonomy":"product_tag","embeddable":true,"href":"https:\/\/locsert.com.br\/new\/wp-json\/wp\/v2\/product_tag?post=72"}],"curies":[{"name":"wp","href":"https:\/\/api.w.org\/{rel}","templated":true}]}}