{"id":68,"date":"2024-05-06T13:28:48","date_gmt":"2024-05-06T16:28:48","guid":{"rendered":"https:\/\/locsert.com.br\/new\/?post_type=product&#038;p=68"},"modified":"2025-02-19T17:13:29","modified_gmt":"2025-02-19T20:13:29","slug":"fonte-multiprocesso-idealarc-dc-1000-lincoln-electric","status":"publish","type":"product","link":"https:\/\/locsert.com.br\/new\/product\/fonte-multiprocesso-idealarc-dc-1000-lincoln-electric\/","title":{"rendered":"Fonte Idealarc DC-1000 Lincoln Electric"},"content":{"rendered":"\t\t<div data-elementor-type=\"wp-post\" data-elementor-id=\"68\" class=\"elementor elementor-68\">\n\t\t\t\t<div class=\"elementor-element elementor-element-f7c3c e-flex e-con-boxed e-con e-parent\" data-id=\"f7c3c\" data-element_type=\"container\">\n\t\t\t\t\t<div class=\"e-con-inner\">\n\t\t\t\t<div class=\"elementor-element elementor-element-40142f11 elementor-widget elementor-widget-text-editor\" data-id=\"40142f11\" data-element_type=\"widget\" data-widget_type=\"text-editor.default\">\n\t\t\t\t<div class=\"elementor-widget-container\">\n\t\t\t\t\t\t\t\t\t<p><strong>Caracter\u00edsticas:\u00a0<\/strong><span style=\"text-align: var(--text-align); background-color: transparent; color: var(--global-palette4); font-family: var(--global-body-font-family); letter-spacing: 0.2px;\">Fonte multiprocessos que oferece flexibilidade para soldagem semiautom\u00e1tica ou autom\u00e1tica com alta capacidade; t<\/span><span style=\"text-align: var(--text-align); background-color: transparent; color: var(--global-palette4); font-family: var(--global-body-font-family); letter-spacing: 0.2px;\">erminais de sa\u00edda com 500A ou 1000A; c<\/span><span style=\"text-align: var(--text-align); background-color: transparent; color: var(--global-palette4); font-family: var(--global-body-font-family); letter-spacing: 0.2px;\">ircuito tiristorizado, com ajuste f\u00e1cil e preciso da corrente de sa\u00edda e c<\/span><span style=\"text-align: var(--text-align); background-color: transparent; color: var(--global-palette4); font-family: var(--global-body-font-family); letter-spacing: 0.2px;\">onstru\u00e7\u00e3o robusta para opera\u00e7\u00e3o cont\u00ednua em ambientes agressivos e de alta produtividade.<\/span><\/p>\t\t\t\t\t\t\t\t<\/div>\n\t\t\t\t<\/div>\n\t\t\t\t\t<\/div>\n\t\t\t\t<\/div>\n\t\t\t\t<\/div>\n\t\t","protected":false},"excerpt":{"rendered":"<p class=\"reference\"><strong>Processo de soldagem:<\/strong> MIG\/MAG, arco submerso e goivagem<br \/>\n<strong>Ciclo de trabalho (A &#8211; %):<\/strong>\u00a01000A \/ 44V \/ 100%<br \/>\n<strong>Peso:<\/strong>\u00a0372 kg<br \/>\n<strong>Dimens\u00f5es (LxAxC):<\/strong>\u00a0567 x 781 x 991 mm<br \/>\n<strong>Alimenta\u00e7\u00e3o el\u00e9trica (V):<\/strong> 220-380-440 \/ Trif\u00e1sico \/ 60Hz<br \/>\n<strong>Faixa de corrente (A):<\/strong> 150 \u2013 1300<\/p>\n","protected":false},"featured_media":69,"comment_status":"open","ping_status":"closed","template":"","meta":{"_eb_attr":"","_bst_post_transparent":"default","_bst_post_title":"","_bst_post_layout":"default","_bst_post_sidebar_id":"","_bst_post_content_style":"default","_bst_post_vertical_padding":"default","_bst_post_feature":"","_bst_post_feature_position":"","_bst_post_header":false,"_bst_post_footer":false},"product_brand":[],"product_cat":[24,20,33],"product_tag":[],"class_list":{"0":"post-68","1":"product","2":"type-product","3":"status-publish","4":"has-post-thumbnail","6":"product_cat-arco-submerso","7":"product_cat-fonte","8":"product_cat-goivagem","10":"first","11":"instock","12":"shipping-taxable","13":"product-type-simple","14":"entry","15":"content-bg","16":"loop-entry"},"_links":{"self":[{"href":"https:\/\/locsert.com.br\/new\/wp-json\/wp\/v2\/product\/68","targetHints":{"allow":["GET"]}}],"collection":[{"href":"https:\/\/locsert.com.br\/new\/wp-json\/wp\/v2\/product"}],"about":[{"href":"https:\/\/locsert.com.br\/new\/wp-json\/wp\/v2\/types\/product"}],"replies":[{"embeddable":true,"href":"https:\/\/locsert.com.br\/new\/wp-json\/wp\/v2\/comments?post=68"}],"version-history":[{"count":14,"href":"https:\/\/locsert.com.br\/new\/wp-json\/wp\/v2\/product\/68\/revisions"}],"predecessor-version":[{"id":963,"href":"https:\/\/locsert.com.br\/new\/wp-json\/wp\/v2\/product\/68\/revisions\/963"}],"wp:featuredmedia":[{"embeddable":true,"href":"https:\/\/locsert.com.br\/new\/wp-json\/wp\/v2\/media\/69"}],"wp:attachment":[{"href":"https:\/\/locsert.com.br\/new\/wp-json\/wp\/v2\/media?parent=68"}],"wp:term":[{"taxonomy":"product_brand","embeddable":true,"href":"https:\/\/locsert.com.br\/new\/wp-json\/wp\/v2\/product_brand?post=68"},{"taxonomy":"product_cat","embeddable":true,"href":"https:\/\/locsert.com.br\/new\/wp-json\/wp\/v2\/product_cat?post=68"},{"taxonomy":"product_tag","embeddable":true,"href":"https:\/\/locsert.com.br\/new\/wp-json\/wp\/v2\/product_tag?post=68"}],"curies":[{"name":"wp","href":"https:\/\/api.w.org\/{rel}","templated":true}]}}