{"id":107,"date":"2024-05-06T22:08:53","date_gmt":"2024-05-07T01:08:53","guid":{"rendered":"https:\/\/locsert.com.br\/new\/?page_id=107"},"modified":"2025-03-05T13:15:50","modified_gmt":"2025-03-05T16:15:50","slug":"empresa","status":"publish","type":"page","link":"https:\/\/locsert.com.br\/new\/empresa\/","title":{"rendered":"Empresa"},"content":{"rendered":"\t\t<div data-elementor-type=\"wp-page\" data-elementor-id=\"107\" class=\"elementor elementor-107\">\n\t\t\t\t<div class=\"elementor-element elementor-element-eb5d5cf e-flex e-con-boxed e-con e-parent\" data-id=\"eb5d5cf\" data-element_type=\"container\">\n\t\t\t\t\t<div class=\"e-con-inner\">\n\t\t\t\t<div class=\"elementor-element elementor-element-0e9462e elementor-widget__width-initial elementor-widget elementor-widget-image\" data-id=\"0e9462e\" data-element_type=\"widget\" data-widget_type=\"image.default\">\n\t\t\t\t<div class=\"elementor-widget-container\">\n\t\t\t\t\t\t\t\t\t\t\t\t\t\t\t<img fetchpriority=\"high\" decoding=\"async\" width=\"2000\" height=\"446\" src=\"https:\/\/locsert.com.br\/new\/wp-content\/uploads\/2025\/03\/Banner-empresa.jpg\" class=\"attachment-full size-full wp-image-1141\" alt=\"\" srcset=\"https:\/\/locsert.com.br\/new\/wp-content\/uploads\/2025\/03\/Banner-empresa.jpg 2000w, https:\/\/locsert.com.br\/new\/wp-content\/uploads\/2025\/03\/Banner-empresa-300x67.jpg 300w, https:\/\/locsert.com.br\/new\/wp-content\/uploads\/2025\/03\/Banner-empresa-1024x228.jpg 1024w, https:\/\/locsert.com.br\/new\/wp-content\/uploads\/2025\/03\/Banner-empresa-768x171.jpg 768w, https:\/\/locsert.com.br\/new\/wp-content\/uploads\/2025\/03\/Banner-empresa-1536x343.jpg 1536w, https:\/\/locsert.com.br\/new\/wp-content\/uploads\/2025\/03\/Banner-empresa-18x4.jpg 18w, https:\/\/locsert.com.br\/new\/wp-content\/uploads\/2025\/03\/Banner-empresa-600x134.jpg 600w\" sizes=\"(max-width: 2000px) 100vw, 2000px\" \/>\t\t\t\t\t\t\t\t\t\t\t\t\t\t\t<\/div>\n\t\t\t\t<\/div>\n\t\t\t\t\t<\/div>\n\t\t\t\t<\/div>\n\t\t<div class=\"elementor-element elementor-element-75fd063 e-flex e-con-boxed e-con e-parent\" data-id=\"75fd063\" data-element_type=\"container\">\n\t\t\t\t\t<div class=\"e-con-inner\">\n\t\t<div class=\"elementor-element elementor-element-64043f9 e-con-full e-flex e-con e-child\" data-id=\"64043f9\" data-element_type=\"container\">\n\t\t\t\t<div class=\"elementor-element elementor-element-5eb7e41 elementor-widget elementor-widget-heading\" data-id=\"5eb7e41\" data-element_type=\"widget\" data-widget_type=\"heading.default\">\n\t\t\t\t<div class=\"elementor-widget-container\">\n\t\t\t\t\t<h6 class=\"elementor-heading-title elementor-size-default\">Qualidade<\/h6>\t\t\t\t<\/div>\n\t\t\t\t<\/div>\n\t\t\t\t<div class=\"elementor-element elementor-element-c9841c1 elementor-widget elementor-widget-text-editor\" data-id=\"c9841c1\" data-element_type=\"widget\" data-widget_type=\"text-editor.default\">\n\t\t\t\t<div class=\"elementor-widget-container\">\n\t\t\t\t\t\t\t\t\t<p>Equipamentos de alta qualidade, performance e desempenho, que potencializem e agreguem resultados nas opera\u00e7\u00f5es de nossos clientes.<\/p>\t\t\t\t\t\t\t\t<\/div>\n\t\t\t\t<\/div>\n\t\t\t\t<\/div>\n\t\t<div class=\"elementor-element elementor-element-9a9675a e-con-full e-flex e-con e-child\" data-id=\"9a9675a\" data-element_type=\"container\">\n\t\t\t\t<div class=\"elementor-element elementor-element-8bd2a82 elementor-widget elementor-widget-heading\" data-id=\"8bd2a82\" data-element_type=\"widget\" data-widget_type=\"heading.default\">\n\t\t\t\t<div class=\"elementor-widget-container\">\n\t\t\t\t\t<h6 class=\"elementor-heading-title elementor-size-default\">Atendimento ao Cliente<\/h6>\t\t\t\t<\/div>\n\t\t\t\t<\/div>\n\t\t\t\t<div class=\"elementor-element elementor-element-2f74487 elementor-widget elementor-widget-text-editor\" data-id=\"2f74487\" data-element_type=\"widget\" data-widget_type=\"text-editor.default\">\n\t\t\t\t<div class=\"elementor-widget-container\">\n\t\t\t\t\t\t\t\t\t<p>Atendimento \u00e1gil e personalizado, direcionando solu\u00e7\u00f5es \u00e0s necessidades operacionais, em busca de melhor resultado e custo benef\u00edcio.\u00a0<\/p>\t\t\t\t\t\t\t\t<\/div>\n\t\t\t\t<\/div>\n\t\t\t\t<\/div>\n\t\t<div class=\"elementor-element elementor-element-8033cf6 e-con-full e-flex e-con e-child\" data-id=\"8033cf6\" data-element_type=\"container\">\n\t\t\t\t<div class=\"elementor-element elementor-element-e0ad86f elementor-widget elementor-widget-heading\" data-id=\"e0ad86f\" data-element_type=\"widget\" data-widget_type=\"heading.default\">\n\t\t\t\t<div class=\"elementor-widget-container\">\n\t\t\t\t\t<h6 class=\"elementor-heading-title elementor-size-default\">Confian\u00e7a<\/h6>\t\t\t\t<\/div>\n\t\t\t\t<\/div>\n\t\t\t\t<div class=\"elementor-element elementor-element-6d272a1 elementor-widget elementor-widget-text-editor\" data-id=\"6d272a1\" data-element_type=\"widget\" data-widget_type=\"text-editor.default\">\n\t\t\t\t<div class=\"elementor-widget-container\">\n\t\t\t\t\t\t\t\t\t<p>Rela\u00e7\u00f5es de confian\u00e7a constru\u00eddas com transpar\u00eancia, \u00e9tica e cumprimento de compromissos assumidos.<\/p>\t\t\t\t\t\t\t\t<\/div>\n\t\t\t\t<\/div>\n\t\t\t\t<\/div>\n\t\t<div class=\"elementor-element elementor-element-ce1da51 e-con-full e-flex e-con e-child\" data-id=\"ce1da51\" data-element_type=\"container\">\n\t\t\t\t<div class=\"elementor-element elementor-element-402f314 elementor-widget elementor-widget-heading\" data-id=\"402f314\" data-element_type=\"widget\" data-widget_type=\"heading.default\">\n\t\t\t\t<div class=\"elementor-widget-container\">\n\t\t\t\t\t<h6 class=\"elementor-heading-title elementor-size-default\">Equipamentos Diferenciados<\/h6>\t\t\t\t<\/div>\n\t\t\t\t<\/div>\n\t\t\t\t<div class=\"elementor-element elementor-element-22d56b5 elementor-widget elementor-widget-text-editor\" data-id=\"22d56b5\" data-element_type=\"widget\" data-widget_type=\"text-editor.default\">\n\t\t\t\t<div class=\"elementor-widget-container\">\n\t\t\t\t\t\t\t\t\t<p>Produtos de marcas mundialmente reconhecidas no segmento de solda, que oferecem robustez, alta tecnologia e durabilidade.<\/p>\t\t\t\t\t\t\t\t<\/div>\n\t\t\t\t<\/div>\n\t\t\t\t<\/div>\n\t\t<div class=\"elementor-element elementor-element-347ec8c e-con-full e-flex e-con e-child\" data-id=\"347ec8c\" data-element_type=\"container\">\n\t\t\t\t<div class=\"elementor-element elementor-element-0376848 elementor-widget elementor-widget-heading\" data-id=\"0376848\" data-element_type=\"widget\" data-widget_type=\"heading.default\">\n\t\t\t\t<div class=\"elementor-widget-container\">\n\t\t\t\t\t<h6 class=\"elementor-heading-title elementor-size-default\">Equipe Qualificada<\/h6>\t\t\t\t<\/div>\n\t\t\t\t<\/div>\n\t\t\t\t<div class=\"elementor-element elementor-element-22d9522 elementor-widget elementor-widget-text-editor\" data-id=\"22d9522\" data-element_type=\"widget\" data-widget_type=\"text-editor.default\">\n\t\t\t\t<div class=\"elementor-widget-container\">\n\t\t\t\t\t\t\t\t\t<p>Capacita\u00e7\u00e3o e desenvolvimento profissional, garantindo o conhecimento t\u00e9cnico e a excel\u00eancia no atendimento aos nossos clientes.<\/p>\t\t\t\t\t\t\t\t<\/div>\n\t\t\t\t<\/div>\n\t\t\t\t<\/div>\n\t\t<div class=\"elementor-element elementor-element-e5430ef e-con-full e-flex e-con e-child\" data-id=\"e5430ef\" data-element_type=\"container\">\n\t\t\t\t<div class=\"elementor-element elementor-element-37a6ced elementor-widget elementor-widget-heading\" data-id=\"37a6ced\" data-element_type=\"widget\" data-widget_type=\"heading.default\">\n\t\t\t\t<div class=\"elementor-widget-container\">\n\t\t\t\t\t<h6 class=\"elementor-heading-title elementor-size-default\">Responsabilidade Social e Ambiental<\/h6>\t\t\t\t<\/div>\n\t\t\t\t<\/div>\n\t\t\t\t<div class=\"elementor-element elementor-element-b9e31ad elementor-widget elementor-widget-text-editor\" data-id=\"b9e31ad\" data-element_type=\"widget\" data-widget_type=\"text-editor.default\">\n\t\t\t\t<div class=\"elementor-widget-container\">\n\t\t\t\t\t\t\t\t\t<p>Responsabilidade e respeito \u00e0 comunidade onde atuamos e regulamenta\u00e7\u00f5es vigentes de preserva\u00e7\u00e3o do meio ambiente.<\/p>\t\t\t\t\t\t\t\t<\/div>\n\t\t\t\t<\/div>\n\t\t\t\t<\/div>\n\t\t\t\t\t<\/div>\n\t\t\t\t<\/div>\n\t\t<div class=\"elementor-element elementor-element-17474c5 e-flex e-con-boxed e-con e-parent\" data-id=\"17474c5\" data-element_type=\"container\">\n\t\t\t\t\t<div class=\"e-con-inner\">\n\t\t<div class=\"elementor-element elementor-element-8f22d49 e-con-full e-flex e-con e-child\" data-id=\"8f22d49\" data-element_type=\"container\">\n\t\t\t\t<div class=\"elementor-element elementor-element-c6f3da4 elementor-widget elementor-widget-text-editor\" data-id=\"c6f3da4\" data-element_type=\"widget\" data-widget_type=\"text-editor.default\">\n\t\t\t\t<div class=\"elementor-widget-container\">\n\t\t\t\t\t\t\t\t\t<section class=\"elementor-section elementor-inner-section elementor-element elementor-element-4390747 elementor-section-boxed elementor-section-height-default elementor-section-height-default\" data-id=\"4390747\" data-element_type=\"section\">\n<div class=\"elementor-container elementor-column-gap-default\">\n<div class=\"elementor-column elementor-col-100 elementor-inner-column elementor-element elementor-element-2ec1235\" data-id=\"2ec1235\" data-element_type=\"column\">\n<div class=\"elementor-widget-wrap elementor-element-populated\">\n<div class=\"elementor-element elementor-element-6d0d54c elementor-widget elementor-widget-heading\" data-id=\"6d0d54c\" data-element_type=\"widget\" data-widget_type=\"heading.default\">\n<div class=\"elementor-widget-container\">\n<h2 class=\"elementor-heading-title elementor-size-default\"><span style=\"color: #000000;\"><strong style=\"font-family: inherit; letter-spacing: 0px;\">Miss\u00e3o<\/strong><\/span><\/h2>\n<\/div>\n<\/div>\n<div class=\"elementor-element elementor-element-9509355 elementor-widget elementor-widget-text-editor\" data-id=\"9509355\" data-element_type=\"widget\" data-widget_type=\"text-editor.default\">\n<div class=\"elementor-widget-container\">\n<p>Atender com excel\u00eancia o mercado de loca\u00e7\u00e3o de equipamentos de solda, oferecendo os melhores produtos com o melhor custo benef\u00edcio.<\/p>\n<\/div>\n<\/div>\n<\/div>\n<\/div>\n<\/div>\n<\/section>\n<section class=\"elementor-section elementor-inner-section elementor-element elementor-element-da79681 elementor-section-boxed elementor-section-height-default elementor-section-height-default\" data-id=\"da79681\" data-element_type=\"section\">\n<div class=\"elementor-container elementor-column-gap-default\">\n<div class=\"elementor-column elementor-col-100 elementor-inner-column elementor-element elementor-element-efca2ff\" data-id=\"efca2ff\" data-element_type=\"column\">\n<div class=\"elementor-widget-wrap elementor-element-populated\">\n<div class=\"elementor-element elementor-element-5029c0c elementor-widget elementor-widget-heading\" data-id=\"5029c0c\" data-element_type=\"widget\" data-widget_type=\"heading.default\">\n<div class=\"elementor-widget-container\">\n<h2 class=\"elementor-heading-title elementor-size-default\"><span style=\"color: #000000;\"><strong>Vis\u00e3o<\/strong><\/span><\/h2>\n<\/div>\n<\/div>\n<div class=\"elementor-element elementor-element-2d3eff2 elementor-widget elementor-widget-text-editor\" data-id=\"2d3eff2\" data-element_type=\"widget\" data-widget_type=\"text-editor.default\">\n<div class=\"elementor-widget-container\">\n<p>Ser refer\u00eancia em loca\u00e7\u00e3o de equipamentos de solda, oferecer solu\u00e7\u00f5es confi\u00e1veis e inovadoras e contribuir para o sucesso dos projetos e opera\u00e7\u00f5es de nossos clientes.<\/p>\n<\/div>\n<\/div>\n<\/div>\n<\/div>\n<\/div>\n<\/section>\n<section class=\"elementor-section elementor-inner-section elementor-element elementor-element-1142065 elementor-section-boxed elementor-section-height-default elementor-section-height-default\" data-id=\"1142065\" data-element_type=\"section\">\n<div class=\"elementor-container elementor-column-gap-default\">\n<div class=\"elementor-column elementor-col-100 elementor-inner-column elementor-element elementor-element-4363501\" data-id=\"4363501\" data-element_type=\"column\">\n<div class=\"elementor-widget-wrap elementor-element-populated\">\n<div class=\"elementor-element elementor-element-510ada0 elementor-widget elementor-widget-heading\" data-id=\"510ada0\" data-element_type=\"widget\" data-widget_type=\"heading.default\">\n<div class=\"elementor-widget-container\">\n<h5 class=\"elementor-heading-title elementor-size-default\"><span style=\"color: #000000;\"><strong>Valores<\/strong><\/span><\/h5>\n<\/div>\n<\/div>\n<div class=\"elementor-element elementor-element-aa1cebf elementor-widget elementor-widget-text-editor\" data-id=\"aa1cebf\" data-element_type=\"widget\" data-widget_type=\"text-editor.default\">\n<div class=\"elementor-widget-container\">\n<p>Corresponder \u00e0s necessidades de nossos clientes, incentivar nossos colaboradores \u00e0 melhoria cont\u00ednua pessoal e profissional, administrar com \u00e9tica e responsabilidade perante a comunidade que atuamos e o meio ambiente.<\/p>\n<\/div>\n<\/div>\n<\/div>\n<\/div>\n<\/div>\n<\/section>\t\t\t\t\t\t\t\t<\/div>\n\t\t\t\t<\/div>\n\t\t\t\t<\/div>\n\t\t<div class=\"elementor-element elementor-element-6aa1fbe e-con-full e-flex e-con e-child\" data-id=\"6aa1fbe\" data-element_type=\"container\">\n\t\t\t\t<div class=\"elementor-element elementor-element-b457a6e elementor-widget elementor-widget-image\" data-id=\"b457a6e\" data-element_type=\"widget\" data-widget_type=\"image.default\">\n\t\t\t\t<div class=\"elementor-widget-container\">\n\t\t\t\t\t\t\t\t\t\t\t\t\t\t\t<img decoding=\"async\" width=\"1024\" height=\"683\" src=\"https:\/\/locsert.com.br\/new\/wp-content\/uploads\/2025\/02\/welding-and-bright-sparks-2025-02-10-08-27-29-utc-1024x683.jpg\" class=\"attachment-large size-large wp-image-1079\" alt=\"\" srcset=\"https:\/\/locsert.com.br\/new\/wp-content\/uploads\/2025\/02\/welding-and-bright-sparks-2025-02-10-08-27-29-utc-1024x683.jpg 1024w, https:\/\/locsert.com.br\/new\/wp-content\/uploads\/2025\/02\/welding-and-bright-sparks-2025-02-10-08-27-29-utc-300x200.jpg 300w, https:\/\/locsert.com.br\/new\/wp-content\/uploads\/2025\/02\/welding-and-bright-sparks-2025-02-10-08-27-29-utc-768x512.jpg 768w, https:\/\/locsert.com.br\/new\/wp-content\/uploads\/2025\/02\/welding-and-bright-sparks-2025-02-10-08-27-29-utc-1536x1024.jpg 1536w, https:\/\/locsert.com.br\/new\/wp-content\/uploads\/2025\/02\/welding-and-bright-sparks-2025-02-10-08-27-29-utc-2048x1366.jpg 2048w, https:\/\/locsert.com.br\/new\/wp-content\/uploads\/2025\/02\/welding-and-bright-sparks-2025-02-10-08-27-29-utc-18x12.jpg 18w, https:\/\/locsert.com.br\/new\/wp-content\/uploads\/2025\/02\/welding-and-bright-sparks-2025-02-10-08-27-29-utc-600x400.jpg 600w\" sizes=\"(max-width: 1024px) 100vw, 1024px\" \/>\t\t\t\t\t\t\t\t\t\t\t\t\t\t\t<\/div>\n\t\t\t\t<\/div>\n\t\t\t\t<\/div>\n\t\t\t\t\t<\/div>\n\t\t\t\t<\/div>\n\t\t\t\t<\/div>\n\t\t","protected":false},"excerpt":{"rendered":"<p>Qualidade Equipamentos de alta qualidade, performance e desempenho, que potencializem e agreguem resultados nas opera\u00e7\u00f5es de nossos clientes. Atendimento ao Cliente Atendimento \u00e1gil e personalizado, direcionando solu\u00e7\u00f5es \u00e0s necessidades operacionais, em busca de melhor resultado e custo benef\u00edcio.\u00a0 Confian\u00e7a Rela\u00e7\u00f5es de confian\u00e7a constru\u00eddas com transpar\u00eancia, \u00e9tica e cumprimento de compromissos assumidos. Equipamentos Diferenciados Produtos de&#8230;<\/p>\n","protected":false},"author":1,"featured_media":0,"parent":0,"menu_order":0,"comment_status":"closed","ping_status":"closed","template":"","meta":{"_eb_attr":"","_bst_post_transparent":"","_bst_post_title":"hide","_bst_post_layout":"fullwidth","_bst_post_sidebar_id":"","_bst_post_content_style":"unboxed","_bst_post_vertical_padding":"hide","_bst_post_feature":"hide","_bst_post_feature_position":"","_bst_post_header":false,"_bst_post_footer":false,"footnotes":""},"class_list":["post-107","page","type-page","status-publish","hentry"],"_links":{"self":[{"href":"https:\/\/locsert.com.br\/new\/wp-json\/wp\/v2\/pages\/107","targetHints":{"allow":["GET"]}}],"collection":[{"href":"https:\/\/locsert.com.br\/new\/wp-json\/wp\/v2\/pages"}],"about":[{"href":"https:\/\/locsert.com.br\/new\/wp-json\/wp\/v2\/types\/page"}],"author":[{"embeddable":true,"href":"https:\/\/locsert.com.br\/new\/wp-json\/wp\/v2\/users\/1"}],"replies":[{"embeddable":true,"href":"https:\/\/locsert.com.br\/new\/wp-json\/wp\/v2\/comments?post=107"}],"version-history":[{"count":65,"href":"https:\/\/locsert.com.br\/new\/wp-json\/wp\/v2\/pages\/107\/revisions"}],"predecessor-version":[{"id":1144,"href":"https:\/\/locsert.com.br\/new\/wp-json\/wp\/v2\/pages\/107\/revisions\/1144"}],"wp:attachment":[{"href":"https:\/\/locsert.com.br\/new\/wp-json\/wp\/v2\/media?parent=107"}],"curies":[{"name":"wp","href":"https:\/\/api.w.org\/{rel}","templated":true}]}}